{"id":9,"date":"2024-03-22T20:37:05","date_gmt":"2024-03-22T19:37:05","guid":{"rendered":"https:\/\/www.smart-tech.sk\/?page_id=9"},"modified":"2024-04-11T07:44:16","modified_gmt":"2024-04-11T05:44:16","slug":"fooldal","status":"publish","type":"page","link":"https:\/\/www.smart-tech.sk\/index.php\/fooldal\/?lang=hu","title":{"rendered":"Kezd\u0151oldal"},"content":{"rendered":"<p>[et_pb_section fb_built=&#8220;1&#8243; next_background_color=&#8220;#ffffff&#8220; admin_label=&#8220;Header&#8220; _builder_version=&#8220;4.24.2&#8243; use_background_color_gradient=&#8220;on&#8220; background_color_gradient_type=&#8220;circular&#8220; background_color_gradient_direction_radial=&#8220;top right&#8220; background_color_gradient_stops=&#8220;#00ffd8 0%|#0029e2 100%&#8220; background_color_gradient_start=&#8220;#00ffd8&#8243; background_color_gradient_end=&#8220;#0029e2&#8243; background_image=&#8220;https:\/\/www.smart-tech.sk\/wp-content\/uploads\/2024\/03\/cyber-security-17.png&#8220; parallax=&#8220;on&#8220; custom_padding=&#8220;10vw||354px|||&#8220; bottom_divider_style=&#8220;ramp&#8220; bottom_divider_height=&#8220;500px&#8220; bottom_divider_repeat=&#8220;1x&#8220; bottom_divider_flip=&#8220;horizontal&#8220; global_colors_info=&#8220;{}&#8220;][et_pb_row column_structure=&#8220;1_2,1_2&#8243; _builder_version=&#8220;4.24.2&#8243; z_index=&#8220;1&#8243; global_colors_info=&#8220;{}&#8220;][et_pb_column type=&#8220;1_2&#8243; _builder_version=&#8220;4.24.2&#8243; global_colors_info=&#8220;{}&#8220;][et_pb_text _builder_version=&#8220;4.24.2&#8243; text_font=&#8220;||||||||&#8220; header_font=&#8220;Overpass|900|||||||&#8220; header_font_size=&#8220;84px&#8220; background_layout=&#8220;dark&#8220; header_font_size_tablet=&#8220;54px&#8220; header_font_size_phone=&#8220;32px&#8220; header_font_size_last_edited=&#8220;on|desktop&#8220; locked=&#8220;off&#8220; global_colors_info=&#8220;{}&#8220;]<\/p>\n<h1 style=\"text-align: center;\">SMART<br \/>TECH<\/h1>\n<p>[\/et_pb_text][et_pb_text _builder_version=&#8220;4.24.2&#8243; text_font=&#8220;Overpass|300|||||||&#8220; text_font_size=&#8220;28px&#8220; text_line_height=&#8220;1.8em&#8220; background_layout=&#8220;dark&#8220; text_font_size_tablet=&#8220;&#8220; text_font_size_phone=&#8220;14px&#8220; text_font_size_last_edited=&#8220;on|desktop&#8220; locked=&#8220;off&#8220; global_colors_info=&#8220;{}&#8220;]<\/p>\n<p style=\"text-align: center;\">C\u00e9g\u00fcnk, a Smart-tech s.r.o. az informatikai szolg\u00e1ltat\u00e1sok ter\u00fclet\u00e9n ny\u00fajt egyedi, komplex (egy\u00fcttes) megold\u00e1sokat v\u00e1llalati \u00fcgyfelek sz\u00e1m\u00e1ra.<\/p>\n<p>[\/et_pb_text][et_pb_button button_url=&#8220;#contact&#8220; button_text=&#8220;Id\u0151pontot Foglalok&#8220; button_alignment=&#8220;center&#8220; _builder_version=&#8220;4.24.2&#8243; custom_button=&#8220;on&#8220; button_text_size=&#8220;23px&#8220; button_text_color=&#8220;#ffffff&#8220; button_bg_color=&#8220;#47d7ff&#8220; button_border_width=&#8220;0px&#8220; button_border_radius=&#8220;100px&#8220; button_font=&#8220;Overpass|900||on|||||&#8220; button_use_icon=&#8220;off&#8220; custom_padding=&#8220;20px|30px|20px|30px|true|true&#8220; box_shadow_style=&#8220;preset3&#8243; box_shadow_vertical=&#8220;20px&#8220; box_shadow_blur=&#8220;40px&#8220; box_shadow_spread=&#8220;-10px&#8220; box_shadow_color=&#8220;rgba(23,102,193,0.46)&#8220; locked=&#8220;off&#8220; global_colors_info=&#8220;{}&#8220; box_shadow_color__hover=&#8220;#2585b2&#8243; box_shadow_blur__hover_enabled=&#8220;on&#8220; box_shadow_blur__hover=&#8220;20px&#8220; box_shadow_vertical__hover_enabled=&#8220;on&#8220; box_shadow_vertical__hover=&#8220;10px&#8220;][\/et_pb_button][\/et_pb_column][et_pb_column type=&#8220;1_2&#8243; _builder_version=&#8220;4.16&#8243; global_colors_info=&#8220;{}&#8220;][et_pb_image src=&#8220;https:\/\/www.smart-tech.sk\/wp-content\/uploads\/2024\/03\/cyber-security-07-2.png&#8220; title_text=&#8220;cyber-security-07-2&#8243; align=&#8220;right&#8220; _builder_version=&#8220;4.24.2&#8243; max_width_tablet=&#8220;400px&#8220; max_width_phone=&#8220;&#8220; max_width_last_edited=&#8220;on|desktop&#8220; custom_margin=&#8220;-8vw|-10vw|2vw|&#8220; custom_margin_tablet=&#8220;-2vw|0vw|-24vw|&#8220; custom_margin_phone=&#8220;&#8220; custom_margin_last_edited=&#8220;on|desktop&#8220; animation_style=&#8220;zoom&#8220; animation_intensity_zoom=&#8220;5%&#8220; locked=&#8220;off&#8220; global_colors_info=&#8220;{}&#8220;][\/et_pb_image][\/et_pb_column][\/et_pb_row][\/et_pb_section][et_pb_section fb_built=&#8220;1&#8243; prev_background_color=&#8220;#ffffff&#8220; admin_label=&#8220;Features&#8220; module_id=&#8220;about&#8220; _builder_version=&#8220;4.24.2&#8243; use_background_color_gradient=&#8220;on&#8220; background_color_gradient_type=&#8220;circular&#8220; background_color_gradient_stops=&#8220;#004183 0%|#001f4c 100%&#8220; background_color_gradient_start=&#8220;#004183&#8243; background_color_gradient_end=&#8220;#001f4c&#8220; background_size=&#8220;contain&#8220; background_position=&#8220;bottom_center&#8220; custom_padding=&#8220;153px||0px|||&#8220; top_divider_style=&#8220;wave&#8220; top_divider_height=&#8220;300px&#8220; bottom_divider_style=&#8220;wave&#8220; bottom_divider_color=&#8220;#FFFFFF&#8220; bottom_divider_height=&#8220;150px&#8220; bottom_divider_arrangement=&#8220;above_content&#8220; locked=&#8220;off&#8220; global_colors_info=&#8220;{}&#8220;][et_pb_row column_structure=&#8220;1_2,1_2&#8243; _builder_version=&#8220;4.16&#8243; z_index=&#8220;1&#8243; global_colors_info=&#8220;{}&#8220;][et_pb_column type=&#8220;1_2&#8243; _builder_version=&#8220;4.16&#8243; global_colors_info=&#8220;{}&#8220;][et_pb_text _builder_version=&#8220;4.16&#8243; text_font=&#8220;||||||||&#8220; header_2_font=&#8220;Overpass|900|||||||&#8220; header_2_font_size=&#8220;56px&#8220; header_2_line_height=&#8220;1.1em&#8220; header_3_font=&#8220;Overpass|600|||||||&#8220; header_3_text_color=&#8220;#00b4ff&#8220; header_3_font_size=&#8220;30px&#8220; header_3_line_height=&#8220;1.2em&#8220; background_layout=&#8220;dark&#8220; custom_padding=&#8220;|||||&#8220; header_2_font_size_tablet=&#8220;38px&#8220; header_2_font_size_phone=&#8220;26px&#8220; header_2_font_size_last_edited=&#8220;on|desktop&#8220; header_3_font_tablet=&#8220;&#8220; header_3_font_phone=&#8220;Overpass|700|||||||&#8220; header_3_font_last_edited=&#8220;on|phone&#8220; header_3_font_size_tablet=&#8220;24px&#8220; header_3_font_size_phone=&#8220;18px&#8220; header_3_font_size_last_edited=&#8220;on|desktop&#8220; locked=&#8220;off&#8220; global_colors_info=&#8220;{}&#8220;]<\/p>\n<h3>R\u00f3lunk<\/h3>\n<h2>M\u0171k\u00f6d\u00e9s\u00fcnk 4 f\u0151 ter\u00fcletre oszlik:<\/h2>\n<p>[\/et_pb_text][et_pb_divider color=&#8220;#00b4ff&#8220; divider_weight=&#8220;2px&#8220; _builder_version=&#8220;4.16&#8243; width=&#8220;100px&#8220; custom_margin=&#8220;||0px&#8220; locked=&#8220;off&#8220; global_colors_info=&#8220;{}&#8220;][\/et_pb_divider][et_pb_text _builder_version=&#8220;4.24.2&#8243; text_font=&#8220;Overpass|300|||||||&#8220; text_font_size=&#8220;20px&#8220; text_line_height=&#8220;1.8em&#8220; background_layout=&#8220;dark&#8220; text_font_size_tablet=&#8220;&#8220; text_font_size_phone=&#8220;14px&#8220; text_font_size_last_edited=&#8220;on|desktop&#8220; locked=&#8220;off&#8220; global_colors_info=&#8220;{}&#8220;]<\/p>\n<p><span><\/span><u>Hardware, software elad\u00e1s<\/u><\/p>\n<ul>\n<li style=\"list-style-type: none;\">\n<ul>\n<li><span><\/span>Egyedi \u00e1raj\u00e1nlat k\u00e9sz\u00edt\u00e9s<\/li>\n<li>\u00daj \u00e9s haszn\u00e1lt IT eszk\u00f6z\u00f6k<\/li>\n<li>Irodai eszk\u00f6z\u00f6k<\/li>\n<li><span><\/span>Sz\u00fcks\u00e9g eset\u00e9n szem\u00e9lyes tal\u00e1lkoz\u00f3, ig\u00e9nyfelm\u00e9r\u00e9s<\/li>\n<li><span><\/span>Szakmai tan\u00e1csad\u00e1s<\/li>\n<\/ul>\n<\/li>\n<\/ul>\n<p>[\/et_pb_text][et_pb_text _builder_version=&#8220;4.24.2&#8243; text_font=&#8220;Overpass|300|||||||&#8220; text_font_size=&#8220;20px&#8220; text_line_height=&#8220;1.8em&#8220; background_layout=&#8220;dark&#8220; text_font_size_tablet=&#8220;&#8220; text_font_size_phone=&#8220;14px&#8220; text_font_size_last_edited=&#8220;on|desktop&#8220; locked=&#8220;off&#8220; global_colors_info=&#8220;{}&#8220;]<\/p>\n<p><span><\/span><u>Automatiz\u00e1ci\u00f3 \u2013 \u00e9p\u00fcletek \u00e9s projektek intelligens vez\u00e9rl\u00e9se <\/u><\/p>\n<ul>\n<li style=\"list-style-type: none;\">\n<ul>\n<li><span><\/span>\u00c9p\u00edt\u0151ipar<\/li>\n<li><span><\/span>Vil\u00e1g\u00edt\u00e1s<\/li>\n<li><span><\/span>\u00c1rny\u00e9kol\u00e1s<\/li>\n<li><span><\/span>Elektromobilit\u00e1s<\/li>\n<li><span><\/span>Energia<\/li>\n<li><span><\/span>F\u0171t\u00e9s, h\u0171t\u00e9s, szell\u0151ztet\u00e9s (HVAC)<\/li>\n<li><span><\/span>Multim\u00e9dia<\/li>\n<li><span><\/span>Napelem, inverterek, akkumul\u00e1tor t\u00e1rol\u00e1s<\/li>\n<li><span><\/span>Uszoda \u00e9s wellness<\/li>\n<li><span><\/span>Hozz\u00e1f\u00e9r\u00e9s \u00e9s biztons\u00e1g<\/li>\n<\/ul>\n<\/li>\n<\/ul>\n<p>[\/et_pb_text][\/et_pb_column][et_pb_column type=&#8220;1_2&#8243; _builder_version=&#8220;4.16&#8243; global_colors_info=&#8220;{}&#8220;][et_pb_image src=&#8220;https:\/\/www.smart-tech.sk\/wp-content\/uploads\/2024\/03\/cyber-security-10.png&#8220; _builder_version=&#8220;4.24.2&#8243; custom_margin=&#8220;-20vw|-9vw||||&#8220; custom_margin_tablet=&#8220;0vw|0vw||&#8220; custom_margin_phone=&#8220;&#8220; custom_margin_last_edited=&#8220;on|desktop&#8220; animation_style=&#8220;zoom&#8220; animation_intensity_zoom=&#8220;5%&#8220; locked=&#8220;off&#8220; global_colors_info=&#8220;{}&#8220;][\/et_pb_image][et_pb_text _builder_version=&#8220;4.24.2&#8243; text_font=&#8220;Overpass|300|||||||&#8220; text_font_size=&#8220;20px&#8220; text_line_height=&#8220;1.8em&#8220; background_layout=&#8220;dark&#8220; text_font_size_tablet=&#8220;&#8220; text_font_size_phone=&#8220;14px&#8220; text_font_size_last_edited=&#8220;on|desktop&#8220; locked=&#8220;off&#8220; global_colors_info=&#8220;{}&#8220;]<\/p>\n<p><span><\/span><u>CRM \u2013 \u00fcgyf\u00e9lkapcsolat-kezel\u00e9si rendszerek + ERP<\/u><\/p>\n<ul>\n<li style=\"list-style-type: none;\">\n<ul>\n<li><span lang=\"HU\">K\u00e9szlet<\/span><\/li>\n<li><span lang=\"HU\">Kereskedelem<\/span><\/li>\n<li><span lang=\"HU\">P\u00e9nz\u00fcgy<\/span><\/li>\n<li><span lang=\"HU\">Kontrolling<\/span><\/li>\n<li><span lang=\"HU\">Dokumentumkezel\u00e9s<\/span><\/li>\n<li><span lang=\"HU\">\u00dcgyf\u00e9lkapcsolatok<\/span><\/li>\n<li><span lang=\"HU\">Bels\u0151 folyamatok t\u00e1mogat\u00e1sa<\/span><\/li>\n<li><span lang=\"HU\">Webshop integr\u00e1ci\u00f3<\/span><\/li>\n<li><span lang=\"HU\">Hum\u00e1n er\u0151forr\u00e1s<\/span><\/li>\n<li><span lang=\"HU\">CRM<\/span><\/li>\n<li><span lang=\"HU\">Projektkezel\u00e9s\/gy\u00e1rt\u00e1s<\/span><\/li>\n<li><span lang=\"HU\">Marketing<\/span><\/li>\n<li><span lang=\"HU\">Szerviz<\/span><\/li>\n<li><span lang=\"HU\">T\u00f6rzsadatkezel\u00e9s<\/span><\/li>\n<\/ul>\n<\/li>\n<\/ul>\n<p>[\/et_pb_text][et_pb_text _builder_version=&#8220;4.24.2&#8243; text_font=&#8220;Overpass|300|||||||&#8220; text_font_size=&#8220;20px&#8220; text_line_height=&#8220;1.8em&#8220; background_layout=&#8220;dark&#8220; text_font_size_tablet=&#8220;&#8220; text_font_size_phone=&#8220;14px&#8220; text_font_size_last_edited=&#8220;on|desktop&#8220; locked=&#8220;off&#8220; global_colors_info=&#8220;{}&#8220;]<\/p>\n<p><span><\/span><u>IT Szerviz<\/u><\/p>\n<ul>\n<li style=\"list-style-type: none;\">\n<ul>\n<li><span><\/span>Garanci\u00e1lis<\/li>\n<li><span><\/span>Garanci\u00e1n t\u00fali szervizel\u00e9s &#8211; ig\u00e9ny szerint<\/li>\n<\/ul>\n<\/li>\n<\/ul>\n<p>[\/et_pb_text][\/et_pb_column][\/et_pb_row][et_pb_row _builder_version=&#8220;4.24.2&#8243; _module_preset=&#8220;default&#8220;][et_pb_column _builder_version=&#8220;4.24.2&#8243; _module_preset=&#8220;default&#8220; type=&#8220;4_4&#8243;][et_pb_text _builder_version=&#8220;4.24.2&#8243; _module_preset=&#8220;default&#8220; hover_enabled=&#8220;0&#8243; sticky_enabled=&#8220;0&#8243; text_font_size=&#8220;30px&#8220;]<\/p>\n<p style=\"text-align: center;\"><span style=\"color: #ffffff;\">Besz\u00e1ll\u00edt\u00f3 partnereink<\/span><\/p>\n<p>[\/et_pb_text][et_pb_image src=&#8220;https:\/\/www.smart-tech.sk\/wp-content\/uploads\/2024\/04\/image-1.png&#8220; _builder_version=&#8220;4.24.2&#8243; _module_preset=&#8220;default&#8220; title_text=&#8220;image (1)&#8220; align=&#8220;center&#8220; hover_enabled=&#8220;0&#8243; sticky_enabled=&#8220;0&#8243;][\/et_pb_image][\/et_pb_column][\/et_pb_row][et_pb_row _builder_version=&#8220;4.24.2&#8243; _module_preset=&#8220;default&#8220; custom_padding=&#8220;101px||150px|||&#8220; global_colors_info=&#8220;{}&#8220;][et_pb_column type=&#8220;4_4&#8243; _builder_version=&#8220;4.24.2&#8243; _module_preset=&#8220;default&#8220; global_colors_info=&#8220;{}&#8220;][\/et_pb_column][\/et_pb_row][\/et_pb_section][et_pb_section fb_built=&#8220;1&#8243; admin_label=&#8220;Section&#8220; module_id=&#8220;contact&#8220; _builder_version=&#8220;4.24.2&#8243; custom_padding=&#8220;0px|||||&#8220; bottom_divider_color=&#8220;#f1fafe&#8220; bottom_divider_height=&#8220;40vw&#8220; bottom_divider_flip=&#8220;horizontal&#8220; bottom_divider_arrangement=&#8220;above_content&#8220; global_colors_info=&#8220;{}&#8220;][et_pb_row column_structure=&#8220;1_2,1_2&#8243; _builder_version=&#8220;4.24.2&#8243; _module_preset=&#8220;default&#8220; global_colors_info=&#8220;{}&#8220;][et_pb_column type=&#8220;1_2&#8243; _builder_version=&#8220;4.24.2&#8243; _module_preset=&#8220;default&#8220; global_colors_info=&#8220;{}&#8220;][et_pb_image src=&#8220;https:\/\/www.smart-tech.sk\/wp-content\/uploads\/2024\/04\/smarttech-icon.jpg&#8220; title_text=&#8220;smarttech-icon&#8220; _builder_version=&#8220;4.24.2&#8243; _module_preset=&#8220;default&#8220; global_colors_info=&#8220;{}&#8220;][\/et_pb_image][et_pb_text _builder_version=&#8220;4.24.2&#8243; _module_preset=&#8220;default&#8220; custom_margin=&#8220;|||45px|false|false&#8220; global_colors_info=&#8220;{}&#8220;]<\/p>\n<p style=\"text-align: left;\"><strong>I\u010cO:<\/strong> 52169073<br \/><strong>DI\u010c:<\/strong> 2120923035<\/p>\n<p>[\/et_pb_text][\/et_pb_column][et_pb_column type=&#8220;1_2&#8243; _builder_version=&#8220;4.24.2&#8243; _module_preset=&#8220;default&#8220; global_colors_info=&#8220;{}&#8220;][et_pb_code _builder_version=&#8220;4.24.2&#8243; _module_preset=&#8220;default&#8220; global_colors_info=&#8220;{}&#8220;]<iframe src=\"https:\/\/www.google.com\/maps\/embed?pb=!1m18!1m12!1m3!1d1341.1405832027083!2d18.12327300555603!3d47.75660043109934!2m3!1f0!2f0!3f0!3m2!1i1024!2i768!4f13.1!3m3!1m2!1s0x476bad561a5dcb5f%3A0xa5a7a0e57fd483d7!2zRHVuYWpza8OpIG7DoWJyZcW-aWUgMTE2NS8xMiwgOTQ1IDA1IEtvbcOhcm5v!5e0!3m2!1sen!2ssk!4v1712306422637!5m2!1sen!2ssk\" width=\"600\" height=\"450\" style=\"border:0;\" allowfullscreen=\"\" loading=\"lazy\" referrerpolicy=\"no-referrer-when-downgrade\"><\/iframe>[\/et_pb_code][\/et_pb_column][\/et_pb_row][\/et_pb_section][et_pb_section fb_built=&#8220;1&#8243; prev_background_color=&#8220;#ffffff&#8220; admin_label=&#8220;Footer&#8220; _builder_version=&#8220;4.24.2&#8243; use_background_color_gradient=&#8220;on&#8220; background_color_gradient_type=&#8220;circular&#8220; background_color_gradient_direction_radial=&#8220;top right&#8220; background_color_gradient_stops=&#8220;#3122b2 0%|#00ffd8 100%&#8220; background_color_gradient_start=&#8220;#3122b2&#8243; background_color_gradient_end=&#8220;#00ffd8&#8243; background_image=&#8220;https:\/\/www.smart-tech.sk\/wp-content\/uploads\/2024\/03\/cyber-security-17.png&#8220; z_index=&#8220;10&#8243; overflow-x=&#8220;visible&#8220; overflow-y=&#8220;visible&#8220; custom_padding=&#8220;||15vw|||&#8220; top_divider_style=&#8220;wave&#8220; locked=&#8220;off&#8220; global_colors_info=&#8220;{}&#8220;][\/et_pb_section]<\/p>\n","protected":false},"excerpt":{"rendered":"<p>SMARTTECHC\u00e9g\u00fcnk, a Smart-tech s.r.o. az informatikai szolg\u00e1ltat\u00e1sok ter\u00fclet\u00e9n ny\u00fajt egyedi, komplex (egy\u00fcttes) megold\u00e1sokat v\u00e1llalati \u00fcgyfelek sz\u00e1m\u00e1ra.R\u00f3lunk M\u0171k\u00f6d\u00e9s\u00fcnk 4 f\u0151 ter\u00fcletre oszlik:Hardware, software elad\u00e1s Egyedi \u00e1raj\u00e1nlat k\u00e9sz\u00edt\u00e9s \u00daj \u00e9s haszn\u00e1lt IT eszk\u00f6z\u00f6k Irodai eszk\u00f6z\u00f6k Sz\u00fcks\u00e9g eset\u00e9n szem\u00e9lyes tal\u00e1lkoz\u00f3, ig\u00e9nyfelm\u00e9r\u00e9s Szakmai tan\u00e1csad\u00e1s Automatiz\u00e1ci\u00f3 \u2013 \u00e9p\u00fcletek \u00e9s projektek intelligens vez\u00e9rl\u00e9se \u00c9p\u00edt\u0151ipar Vil\u00e1g\u00edt\u00e1s \u00c1rny\u00e9kol\u00e1s Elektromobilit\u00e1s Energia F\u0171t\u00e9s, h\u0171t\u00e9s, szell\u0151ztet\u00e9s [&hellip;]<\/p>\n","protected":false},"author":1,"featured_media":0,"parent":0,"menu_order":0,"comment_status":"closed","ping_status":"closed","template":"","meta":{"_et_pb_use_builder":"on","_et_pb_old_content":"","_et_gb_content_width":"","footnotes":""},"class_list":["post-9","page","type-page","status-publish","hentry"],"_links":{"self":[{"href":"https:\/\/www.smart-tech.sk\/index.php\/wp-json\/wp\/v2\/pages\/9","targetHints":{"allow":["GET"]}}],"collection":[{"href":"https:\/\/www.smart-tech.sk\/index.php\/wp-json\/wp\/v2\/pages"}],"about":[{"href":"https:\/\/www.smart-tech.sk\/index.php\/wp-json\/wp\/v2\/types\/page"}],"author":[{"embeddable":true,"href":"https:\/\/www.smart-tech.sk\/index.php\/wp-json\/wp\/v2\/users\/1"}],"replies":[{"embeddable":true,"href":"https:\/\/www.smart-tech.sk\/index.php\/wp-json\/wp\/v2\/comments?post=9"}],"version-history":[{"count":27,"href":"https:\/\/www.smart-tech.sk\/index.php\/wp-json\/wp\/v2\/pages\/9\/revisions"}],"predecessor-version":[{"id":123,"href":"https:\/\/www.smart-tech.sk\/index.php\/wp-json\/wp\/v2\/pages\/9\/revisions\/123"}],"wp:attachment":[{"href":"https:\/\/www.smart-tech.sk\/index.php\/wp-json\/wp\/v2\/media?parent=9"}],"curies":[{"name":"wp","href":"https:\/\/api.w.org\/{rel}","templated":true}]}}